{"id":11841,"date":"2023-03-28T14:37:53","date_gmt":"2023-03-28T14:37:53","guid":{"rendered":"https:\/\/semanasantaobidos.pt\/site\/?page_id=11841"},"modified":"2024-02-26T15:47:28","modified_gmt":"2024-02-26T15:47:28","slug":"religious-program","status":"publish","type":"page","link":"https:\/\/semanasantaobidos.pt\/site\/religious-program\/","title":{"rendered":"Religious Program"},"content":{"rendered":"\t\t<div data-elementor-type=\"wp-post\" data-elementor-id=\"11841\" class=\"elementor elementor-11841\">\n\t\t\t\t\t\t<section class=\"elementor-section elementor-top-section elementor-element elementor-element-6962e2f0 elementor-section-stretched elementor-section-boxed elementor-section-height-default elementor-section-height-default\" data-id=\"6962e2f0\" data-element_type=\"section\" data-e-type=\"section\" data-settings=\"{&quot;stretch_section&quot;:&quot;section-stretched&quot;,&quot;background_background&quot;:&quot;classic&quot;}\">\n\t\t\t\t\t\t<div class=\"elementor-container elementor-column-gap-default\">\n\t\t\t\t\t<div class=\"elementor-column elementor-col-100 elementor-top-column elementor-element elementor-element-513d0c2\" data-id=\"513d0c2\" data-element_type=\"column\" data-e-type=\"column\">\n\t\t\t<div class=\"elementor-widget-wrap elementor-element-populated\">\n\t\t\t\t\t\t<div class=\"elementor-element elementor-element-1d050596 elementor-widget elementor-widget-heading\" data-id=\"1d050596\" data-element_type=\"widget\" data-e-type=\"widget\" data-widget_type=\"heading.default\">\n\t\t\t\t<div class=\"elementor-widget-container\">\n\t\t\t\t\t<h2 class=\"elementor-heading-title elementor-size-default\">Holy Week<\/h2>\t\t\t\t<\/div>\n\t\t\t\t<\/div>\n\t\t\t\t<div class=\"elementor-element elementor-element-15cdacec elementor-widget elementor-widget-heading\" data-id=\"15cdacec\" data-element_type=\"widget\" data-e-type=\"widget\" data-widget_type=\"heading.default\">\n\t\t\t\t<div class=\"elementor-widget-container\">\n\t\t\t\t\t<h2 class=\"elementor-heading-title elementor-size-default\">Religious Program<\/h2>\t\t\t\t<\/div>\n\t\t\t\t<\/div>\n\t\t\t\t\t<\/div>\n\t\t<\/div>\n\t\t\t\t\t<\/div>\n\t\t<\/section>\n\t\t\t\t<section class=\"elementor-section elementor-top-section elementor-element elementor-element-ace2ae9 elementor-section-boxed elementor-section-height-default elementor-section-height-default\" data-id=\"ace2ae9\" data-element_type=\"section\" data-e-type=\"section\">\n\t\t\t\t\t\t<div class=\"elementor-container elementor-column-gap-default\">\n\t\t\t\t\t<div class=\"elementor-column elementor-col-100 elementor-top-column elementor-element elementor-element-a72b702\" data-id=\"a72b702\" data-element_type=\"column\" data-e-type=\"column\">\n\t\t\t<div class=\"elementor-widget-wrap elementor-element-populated\">\n\t\t\t\t\t\t<div class=\"elementor-element elementor-element-7041cb5 elementor-widget elementor-widget-spacer\" data-id=\"7041cb5\" data-element_type=\"widget\" data-e-type=\"widget\" data-widget_type=\"spacer.default\">\n\t\t\t\t<div class=\"elementor-widget-container\">\n\t\t\t\t\t\t\t<div class=\"elementor-spacer\">\n\t\t\t<div class=\"elementor-spacer-inner\"><\/div>\n\t\t<\/div>\n\t\t\t\t\t\t<\/div>\n\t\t\t\t<\/div>\n\t\t\t\t<div class=\"elementor-element elementor-element-854191b elementor-widget elementor-widget-heading\" data-id=\"854191b\" data-element_type=\"widget\" data-e-type=\"widget\" data-widget_type=\"heading.default\">\n\t\t\t\t<div class=\"elementor-widget-container\">\n\t\t\t\t\t<h3 class=\"elementor-heading-title elementor-size-default\">23 March | Saturday<\/h3>\t\t\t\t<\/div>\n\t\t\t\t<\/div>\n\t\t\t\t<div class=\"elementor-element elementor-element-7fcc5e6 elementor-widget elementor-widget-text-editor\" data-id=\"7fcc5e6\" data-element_type=\"widget\" data-e-type=\"widget\" data-widget_type=\"text-editor.default\">\n\t\t\t\t<div class=\"elementor-widget-container\">\n\t\t\t\t\t\t\t\t\t<p style=\"text-align: center;\"><strong><em><span style=\"color: #000000;\">9 PM<\/span><\/em><br \/><\/strong><strong><span style=\"color: #000000;\">Transfer of the Images<\/span><br \/><\/strong><em>Route<\/em>: Igreja da Miseric\u00f3rdia &#8211; Pra\u00e7a de Santa Maria &#8211; Largo de S\u00e3o Tiago<\/p>\t\t\t\t\t\t\t\t<\/div>\n\t\t\t\t<\/div>\n\t\t\t\t<div class=\"elementor-element elementor-element-562444f elementor-widget elementor-widget-spacer\" data-id=\"562444f\" data-element_type=\"widget\" data-e-type=\"widget\" data-widget_type=\"spacer.default\">\n\t\t\t\t<div class=\"elementor-widget-container\">\n\t\t\t\t\t\t\t<div class=\"elementor-spacer\">\n\t\t\t<div class=\"elementor-spacer-inner\"><\/div>\n\t\t<\/div>\n\t\t\t\t\t\t<\/div>\n\t\t\t\t<\/div>\n\t\t\t\t<div class=\"elementor-element elementor-element-be34222 elementor-widget elementor-widget-heading\" data-id=\"be34222\" data-element_type=\"widget\" data-e-type=\"widget\" data-widget_type=\"heading.default\">\n\t\t\t\t<div class=\"elementor-widget-container\">\n\t\t\t\t\t<h3 class=\"elementor-heading-title elementor-size-default\">24 March | PALM SUNDAY<\/h3>\t\t\t\t<\/div>\n\t\t\t\t<\/div>\n\t\t\t\t<div class=\"elementor-element elementor-element-4592bf4 elementor-widget elementor-widget-text-editor\" data-id=\"4592bf4\" data-element_type=\"widget\" data-e-type=\"widget\" data-widget_type=\"text-editor.default\">\n\t\t\t\t<div class=\"elementor-widget-container\">\n\t\t\t\t\t\t\t\t\t<p style=\"text-align: center;\"><strong><em><span style=\"color: #000000;\">3 PM<\/span><\/em><br><\/strong><span style=\"color: #000000;\"><strong>Blessing and Procession of Palms<\/strong><\/span><br>This procession recalls the triumphal entry of Jesus into Jerusalem<br><em>Route<\/em>: Igreja de S\u00e3o Jo\u00e3o \u2013 Igreja de Santa Maria<\/p>\n<p><strong><em><span style=\"color: #000000;\">3h30 PM<\/span><\/em><br><\/strong><span style=\"color: #000000;\"><strong>Mass Palm Sunday of the Lord\u2019s Passion<\/strong><\/span><br>In this celebration we hear the Gospel of the Passion of Jesus<br><em>Local<\/em>: Igreja de Santa Maria<\/p>\n<p><span style=\"color: #000000;\"><strong><em>5 PM<\/em><br><\/strong><strong>Procession of the Lord\u2019s Steps<\/strong><\/span><br>The procession contemplates several moments of Jesus\u2019 \u2018path of pain\u2019, from Pilates\u2019 Praetorium to His crucifixion at Golgotha<br><em>Route<\/em>: Igreja de Santa Maria &#8211; Largo de S\u00e3o Pedro, Rua Josefa de \u00d3bidos &#8211; Serm\u00e3o do Encontro no Largo de Santiago &#8211; Igreja da Ordem Terceira &#8211; Passo da Porta da Vila &#8211; Passo da Pra\u00e7a de Santa Maria &#8211; Igreja da Miseric\u00f3rdia<\/p>\t\t\t\t\t\t\t\t<\/div>\n\t\t\t\t<\/div>\n\t\t\t\t<div class=\"elementor-element elementor-element-fb5977a elementor-widget elementor-widget-spacer\" data-id=\"fb5977a\" data-element_type=\"widget\" data-e-type=\"widget\" data-widget_type=\"spacer.default\">\n\t\t\t\t<div class=\"elementor-widget-container\">\n\t\t\t\t\t\t\t<div class=\"elementor-spacer\">\n\t\t\t<div class=\"elementor-spacer-inner\"><\/div>\n\t\t<\/div>\n\t\t\t\t\t\t<\/div>\n\t\t\t\t<\/div>\n\t\t\t\t<div class=\"elementor-element elementor-element-75368b9 elementor-widget elementor-widget-heading\" data-id=\"75368b9\" data-element_type=\"widget\" data-e-type=\"widget\" data-widget_type=\"heading.default\">\n\t\t\t\t<div class=\"elementor-widget-container\">\n\t\t\t\t\t<h3 class=\"elementor-heading-title elementor-size-default\">25 March | Concert<\/h3>\t\t\t\t<\/div>\n\t\t\t\t<\/div>\n\t\t\t\t<div class=\"elementor-element elementor-element-f704362 elementor-widget elementor-widget-text-editor\" data-id=\"f704362\" data-element_type=\"widget\" data-e-type=\"widget\" data-widget_type=\"text-editor.default\">\n\t\t\t\t<div class=\"elementor-widget-container\">\n\t\t\t\t\t\t\t\t\t<p style=\"text-align: center;\"><span style=\"color: #000000;\"><strong><em>9 PM<\/em><br \/><\/strong><strong>&#8220;Vetera Vox&#8221;<\/strong><\/span><br \/><em>Local<\/em>: Santu\u00e1rio Senhor Jesus da Pedra<br \/>Free entry<\/p>\t\t\t\t\t\t\t\t<\/div>\n\t\t\t\t<\/div>\n\t\t\t\t<div class=\"elementor-element elementor-element-3abb6b6 elementor-widget elementor-widget-spacer\" data-id=\"3abb6b6\" data-element_type=\"widget\" data-e-type=\"widget\" data-widget_type=\"spacer.default\">\n\t\t\t\t<div class=\"elementor-widget-container\">\n\t\t\t\t\t\t\t<div class=\"elementor-spacer\">\n\t\t\t<div class=\"elementor-spacer-inner\"><\/div>\n\t\t<\/div>\n\t\t\t\t\t\t<\/div>\n\t\t\t\t<\/div>\n\t\t\t\t<div class=\"elementor-element elementor-element-7cb1fe0 elementor-widget elementor-widget-heading\" data-id=\"7cb1fe0\" data-element_type=\"widget\" data-e-type=\"widget\" data-widget_type=\"heading.default\">\n\t\t\t\t<div class=\"elementor-widget-container\">\n\t\t\t\t\t<h3 class=\"elementor-heading-title elementor-size-default\">26 March | Concert<\/h3>\t\t\t\t<\/div>\n\t\t\t\t<\/div>\n\t\t\t\t<div class=\"elementor-element elementor-element-4cfd0b9 elementor-widget elementor-widget-text-editor\" data-id=\"4cfd0b9\" data-element_type=\"widget\" data-e-type=\"widget\" data-widget_type=\"text-editor.default\">\n\t\t\t\t<div class=\"elementor-widget-container\">\n\t\t\t\t\t\t\t\t\t<p style=\"text-align: center;\"><span style=\"color: #000000;\"><strong><em>9 PM<\/em><br \/><\/strong><strong>&#8220;Noturnos in Sabbato Sancto&#8221;<\/strong><\/span><br \/><em>Local<\/em>: Santu\u00e1rio Senhor Jesus da Pedra<br \/>Free entry<\/p>\t\t\t\t\t\t\t\t<\/div>\n\t\t\t\t<\/div>\n\t\t\t\t<div class=\"elementor-element elementor-element-64b811a elementor-widget elementor-widget-spacer\" data-id=\"64b811a\" data-element_type=\"widget\" data-e-type=\"widget\" data-widget_type=\"spacer.default\">\n\t\t\t\t<div class=\"elementor-widget-container\">\n\t\t\t\t\t\t\t<div class=\"elementor-spacer\">\n\t\t\t<div class=\"elementor-spacer-inner\"><\/div>\n\t\t<\/div>\n\t\t\t\t\t\t<\/div>\n\t\t\t\t<\/div>\n\t\t\t\t<div class=\"elementor-element elementor-element-365dc69 elementor-widget elementor-widget-heading\" data-id=\"365dc69\" data-element_type=\"widget\" data-e-type=\"widget\" data-widget_type=\"heading.default\">\n\t\t\t\t<div class=\"elementor-widget-container\">\n\t\t\t\t\t<h3 class=\"elementor-heading-title elementor-size-default\">27 March | Concert<\/h3>\t\t\t\t<\/div>\n\t\t\t\t<\/div>\n\t\t\t\t<div class=\"elementor-element elementor-element-a2c2448 elementor-widget elementor-widget-text-editor\" data-id=\"a2c2448\" data-element_type=\"widget\" data-e-type=\"widget\" data-widget_type=\"text-editor.default\">\n\t\t\t\t<div class=\"elementor-widget-container\">\n\t\t\t\t\t\t\t\t\t<p style=\"text-align: center;\"><span style=\"color: #000000;\"><strong><em>9 PM<\/em><br \/><\/strong><strong>&#8220;In Memoriam Christi&#8221;<\/strong><\/span><br \/><em>Local<\/em>: Santu\u00e1rio Senhor Jesus da Pedra<br \/>Free entry<\/p>\t\t\t\t\t\t\t\t<\/div>\n\t\t\t\t<\/div>\n\t\t\t\t<div class=\"elementor-element elementor-element-f9a1824 elementor-widget elementor-widget-spacer\" data-id=\"f9a1824\" data-element_type=\"widget\" data-e-type=\"widget\" data-widget_type=\"spacer.default\">\n\t\t\t\t<div class=\"elementor-widget-container\">\n\t\t\t\t\t\t\t<div class=\"elementor-spacer\">\n\t\t\t<div class=\"elementor-spacer-inner\"><\/div>\n\t\t<\/div>\n\t\t\t\t\t\t<\/div>\n\t\t\t\t<\/div>\n\t\t\t\t<div class=\"elementor-element elementor-element-72a25ea elementor-widget elementor-widget-heading\" data-id=\"72a25ea\" data-element_type=\"widget\" data-e-type=\"widget\" data-widget_type=\"heading.default\">\n\t\t\t\t<div class=\"elementor-widget-container\">\n\t\t\t\t\t<h3 class=\"elementor-heading-title elementor-size-default\">28 March | MAUNDY THURSDAY<\/h3>\t\t\t\t<\/div>\n\t\t\t\t<\/div>\n\t\t\t\t<div class=\"elementor-element elementor-element-d90f8b9 elementor-widget elementor-widget-text-editor\" data-id=\"d90f8b9\" data-element_type=\"widget\" data-e-type=\"widget\" data-widget_type=\"text-editor.default\">\n\t\t\t\t<div class=\"elementor-widget-container\">\n\t\t\t\t\t\t\t\t\t<p style=\"text-align: center;\"><span style=\"color: #000000;\"><strong><em>9 PM<\/em><br \/><\/strong><strong>Holy Evening Mass of the Lord\u2019s Supper \/ Footwashing<\/strong><\/span><br \/>On this day, the Church recalls the Last Supper of Jesus with His disciples, where the Holy Eucharist was instituted<br \/><em>Local<\/em>: Igreja de S\u00e3o Pedro<\/p>\t\t\t\t\t\t\t\t<\/div>\n\t\t\t\t<\/div>\n\t\t\t\t<div class=\"elementor-element elementor-element-92d7a98 elementor-widget elementor-widget-spacer\" data-id=\"92d7a98\" data-element_type=\"widget\" data-e-type=\"widget\" data-widget_type=\"spacer.default\">\n\t\t\t\t<div class=\"elementor-widget-container\">\n\t\t\t\t\t\t\t<div class=\"elementor-spacer\">\n\t\t\t<div class=\"elementor-spacer-inner\"><\/div>\n\t\t<\/div>\n\t\t\t\t\t\t<\/div>\n\t\t\t\t<\/div>\n\t\t\t\t<div class=\"elementor-element elementor-element-a0184dc elementor-widget elementor-widget-heading\" data-id=\"a0184dc\" data-element_type=\"widget\" data-e-type=\"widget\" data-widget_type=\"heading.default\">\n\t\t\t\t<div class=\"elementor-widget-container\">\n\t\t\t\t\t<h3 class=\"elementor-heading-title elementor-size-default\">29 March | GOOD FRIDAY<\/h3>\t\t\t\t<\/div>\n\t\t\t\t<\/div>\n\t\t\t\t<div class=\"elementor-element elementor-element-90c87ef elementor-widget elementor-widget-text-editor\" data-id=\"90c87ef\" data-element_type=\"widget\" data-e-type=\"widget\" data-widget_type=\"text-editor.default\">\n\t\t\t\t<div class=\"elementor-widget-container\">\n\t\t\t\t\t\t\t\t\t<p style=\"text-align: center;\"><span style=\"color: #000000;\"><strong><em>3 PM<\/em><br \/><\/strong><strong>Celebration of the Lord\u2019s Passion<\/strong><\/span><br \/>At the hour of Jesus\u2019 death, we recall His ultimate surrender of deep love: Jesus offers His innocent, pure and divine life for our salvation<br \/><em>Local<\/em>: Igreja de S\u00e3o Pedro<\/p><p><span style=\"color: #000000;\"><strong><em>5:30 PM<\/em><br \/>The Way of the Cross (reenactment)<\/strong><\/span><br \/><em>Starting point<\/em>: Pra\u00e7a de Santa Maria<br \/><strong><br \/><span style=\"color: #000000;\">9 PM<\/span><br \/><span style=\"color: #000000;\">Procession of the Lord\u2019s Burial<\/span><\/strong><br \/>By the light of torches, the funeral procession leads to the tomb of Jesus<br \/><em>Route<\/em>: Igreja da Miseric\u00f3rdia &#8211; Rua do Hospital &#8211; Porta da Vila &#8211; Rua Direita &#8211; Pra\u00e7a de Santa Maria &#8211; Largo Santiago &#8211; Rua Nova &#8211; Rua do Hospital &#8211; Largo de S\u00e3o Pedro &#8211; Capela de S\u00e3o Martinho<\/p>\t\t\t\t\t\t\t\t<\/div>\n\t\t\t\t<\/div>\n\t\t\t\t<div class=\"elementor-element elementor-element-d1c17bd elementor-widget elementor-widget-spacer\" data-id=\"d1c17bd\" data-element_type=\"widget\" data-e-type=\"widget\" data-widget_type=\"spacer.default\">\n\t\t\t\t<div class=\"elementor-widget-container\">\n\t\t\t\t\t\t\t<div class=\"elementor-spacer\">\n\t\t\t<div class=\"elementor-spacer-inner\"><\/div>\n\t\t<\/div>\n\t\t\t\t\t\t<\/div>\n\t\t\t\t<\/div>\n\t\t\t\t<div class=\"elementor-element elementor-element-e150bc0 elementor-widget elementor-widget-heading\" data-id=\"e150bc0\" data-element_type=\"widget\" data-e-type=\"widget\" data-widget_type=\"heading.default\">\n\t\t\t\t<div class=\"elementor-widget-container\">\n\t\t\t\t\t<h3 class=\"elementor-heading-title elementor-size-default\">30 March | HOLY SATURDAY<\/h3>\t\t\t\t<\/div>\n\t\t\t\t<\/div>\n\t\t\t\t<div class=\"elementor-element elementor-element-3639d95 elementor-widget elementor-widget-text-editor\" data-id=\"3639d95\" data-element_type=\"widget\" data-e-type=\"widget\" data-widget_type=\"text-editor.default\">\n\t\t\t\t<div class=\"elementor-widget-container\">\n\t\t\t\t\t\t\t\t\t<p><strong><span style=\"color: #000000;\"><em>10 PM<\/em><br \/>Easter Vigil<\/span><\/strong><br \/>In this celebration, Christians renew their baptismal vows<br \/><em>Local<\/em>: Igreja de S\u00e3o Pedro<\/p>\t\t\t\t\t\t\t\t<\/div>\n\t\t\t\t<\/div>\n\t\t\t\t<div class=\"elementor-element elementor-element-a12c0d5 elementor-widget elementor-widget-spacer\" data-id=\"a12c0d5\" data-element_type=\"widget\" data-e-type=\"widget\" data-widget_type=\"spacer.default\">\n\t\t\t\t<div class=\"elementor-widget-container\">\n\t\t\t\t\t\t\t<div class=\"elementor-spacer\">\n\t\t\t<div class=\"elementor-spacer-inner\"><\/div>\n\t\t<\/div>\n\t\t\t\t\t\t<\/div>\n\t\t\t\t<\/div>\n\t\t\t\t<div class=\"elementor-element elementor-element-b83d0be elementor-widget elementor-widget-heading\" data-id=\"b83d0be\" data-element_type=\"widget\" data-e-type=\"widget\" data-widget_type=\"heading.default\">\n\t\t\t\t<div class=\"elementor-widget-container\">\n\t\t\t\t\t<h3 class=\"elementor-heading-title elementor-size-default\">31 March | EASTER SUNDAY<\/h3>\t\t\t\t<\/div>\n\t\t\t\t<\/div>\n\t\t\t\t<div class=\"elementor-element elementor-element-cb1ac3e elementor-widget elementor-widget-text-editor\" data-id=\"cb1ac3e\" data-element_type=\"widget\" data-e-type=\"widget\" data-widget_type=\"text-editor.default\">\n\t\t\t\t<div class=\"elementor-widget-container\">\n\t\t\t\t\t\t\t\t\t<p style=\"text-align: center;\"><strong><span style=\"color: #000000;\">12 PM<\/span><\/strong><br \/><strong><span style=\"color: #000000;\">Mass of the Resurrection<br \/><\/span><\/strong><em>Local<\/em>: Igreja de S\u00e3o Pedro<strong><span style=\"color: #000000;\"><br \/><\/span><\/strong><\/p>\t\t\t\t\t\t\t\t<\/div>\n\t\t\t\t<\/div>\n\t\t\t\t\t<\/div>\n\t\t<\/div>\n\t\t\t\t\t<\/div>\n\t\t<\/section>\n\t\t\t\t<section class=\"elementor-section elementor-top-section elementor-element elementor-element-02b0046 elementor-section-boxed elementor-section-height-default elementor-section-height-default\" data-id=\"02b0046\" data-element_type=\"section\" data-e-type=\"section\">\n\t\t\t\t\t\t<div class=\"elementor-container elementor-column-gap-default\">\n\t\t\t\t\t<div class=\"elementor-column elementor-col-100 elementor-top-column elementor-element elementor-element-e73d648\" data-id=\"e73d648\" data-element_type=\"column\" data-e-type=\"column\">\n\t\t\t<div class=\"elementor-widget-wrap elementor-element-populated\">\n\t\t\t\t\t\t<div class=\"elementor-element elementor-element-4ec0827 elementor-align-center elementor-widget elementor-widget-button\" data-id=\"4ec0827\" data-element_type=\"widget\" data-e-type=\"widget\" data-widget_type=\"button.default\">\n\t\t\t\t<div class=\"elementor-widget-container\">\n\t\t\t\t\t\t\t\t\t<div class=\"elementor-button-wrapper\">\n\t\t\t\t\t<a class=\"elementor-button elementor-button-link elementor-size-sm\" href=\"https:\/\/semanasantaobidos.pt\/en\">\n\t\t\t\t\t\t<span class=\"elementor-button-content-wrapper\">\n\t\t\t\t\t\t\t\t\t<span class=\"elementor-button-text\">Return to home page<\/span>\n\t\t\t\t\t<\/span>\n\t\t\t\t\t<\/a>\n\t\t\t\t<\/div>\n\t\t\t\t\t\t\t\t<\/div>\n\t\t\t\t<\/div>\n\t\t\t\t\t<\/div>\n\t\t<\/div>\n\t\t\t\t\t<\/div>\n\t\t<\/section>\n\t\t\t\t<section class=\"elementor-section elementor-top-section elementor-element elementor-element-30f710e1 elementor-section-stretched elementor-section-content-middle elementor-section-boxed elementor-section-height-default elementor-section-height-default\" data-id=\"30f710e1\" data-element_type=\"section\" data-e-type=\"section\" data-settings=\"{&quot;stretch_section&quot;:&quot;section-stretched&quot;,&quot;background_background&quot;:&quot;gradient&quot;}\">\n\t\t\t\t\t\t<div class=\"elementor-container elementor-column-gap-default\">\n\t\t\t\t\t<div class=\"elementor-column elementor-col-50 elementor-top-column elementor-element elementor-element-5854d901\" data-id=\"5854d901\" data-element_type=\"column\" data-e-type=\"column\">\n\t\t\t<div class=\"elementor-widget-wrap elementor-element-populated\">\n\t\t\t\t\t\t<div class=\"elementor-element elementor-element-6024c443 elementor-widget elementor-widget-heading\" data-id=\"6024c443\" data-element_type=\"widget\" data-e-type=\"widget\" data-widget_type=\"heading.default\">\n\t\t\t\t<div class=\"elementor-widget-container\">\n\t\t\t\t\t<h2 class=\"elementor-heading-title elementor-size-default\">Programa Religioso\ne Cultural 2024<\/h2>\t\t\t\t<\/div>\n\t\t\t\t<\/div>\n\t\t\t\t\t<\/div>\n\t\t<\/div>\n\t\t\t\t<div class=\"elementor-column elementor-col-50 elementor-top-column elementor-element elementor-element-35e1215c\" data-id=\"35e1215c\" data-element_type=\"column\" data-e-type=\"column\">\n\t\t\t<div class=\"elementor-widget-wrap elementor-element-populated\">\n\t\t\t\t\t\t<div class=\"elementor-element elementor-element-7c5dad49 elementor-align-center elementor-widget elementor-widget-button\" data-id=\"7c5dad49\" data-element_type=\"widget\" data-e-type=\"widget\" data-widget_type=\"button.default\">\n\t\t\t\t<div class=\"elementor-widget-container\">\n\t\t\t\t\t\t\t\t\t<div class=\"elementor-button-wrapper\">\n\t\t\t\t\t<a class=\"elementor-button elementor-button-link elementor-size-md\" href=\"https:\/\/semanasantaobidos.pt\/site\/wp-content\/uploads\/2024\/02\/SSPrograma2024.pdf\" target=\"_blank\">\n\t\t\t\t\t\t<span class=\"elementor-button-content-wrapper\">\n\t\t\t\t\t\t\t\t\t<span class=\"elementor-button-text\">Download<\/span>\n\t\t\t\t\t<\/span>\n\t\t\t\t\t<\/a>\n\t\t\t\t<\/div>\n\t\t\t\t\t\t\t\t<\/div>\n\t\t\t\t<\/div>\n\t\t\t\t\t<\/div>\n\t\t<\/div>\n\t\t\t\t\t<\/div>\n\t\t<\/section>\n\t\t\t\t<\/div>\n\t\t","protected":false},"excerpt":{"rendered":"<p>Holy Week Religious Program 23 March | Saturday 9 PMTransfer&hellip;<\/p>\n<p> <a class=\"more-link\" href=\"https:\/\/semanasantaobidos.pt\/site\/religious-program\/\">Read more<\/a><\/p>\n","protected":false},"author":1,"featured_media":0,"parent":0,"menu_order":0,"comment_status":"closed","ping_status":"closed","template":"","meta":{"footnotes":""},"class_list":["post-11841","page","type-page","status-publish"],"_links":{"self":[{"href":"https:\/\/semanasantaobidos.pt\/site\/wp-json\/wp\/v2\/pages\/11841","targetHints":{"allow":["GET"]}}],"collection":[{"href":"https:\/\/semanasantaobidos.pt\/site\/wp-json\/wp\/v2\/pages"}],"about":[{"href":"https:\/\/semanasantaobidos.pt\/site\/wp-json\/wp\/v2\/types\/page"}],"author":[{"embeddable":true,"href":"https:\/\/semanasantaobidos.pt\/site\/wp-json\/wp\/v2\/users\/1"}],"replies":[{"embeddable":true,"href":"https:\/\/semanasantaobidos.pt\/site\/wp-json\/wp\/v2\/comments?post=11841"}],"version-history":[{"count":23,"href":"https:\/\/semanasantaobidos.pt\/site\/wp-json\/wp\/v2\/pages\/11841\/revisions"}],"predecessor-version":[{"id":12434,"href":"https:\/\/semanasantaobidos.pt\/site\/wp-json\/wp\/v2\/pages\/11841\/revisions\/12434"}],"wp:attachment":[{"href":"https:\/\/semanasantaobidos.pt\/site\/wp-json\/wp\/v2\/media?parent=11841"}],"curies":[{"name":"wp","href":"https:\/\/api.w.org\/{rel}","templated":true}]}}