{"id":11763,"date":"2023-03-24T16:42:08","date_gmt":"2023-03-24T16:42:08","guid":{"rendered":"https:\/\/semanasantaobidos.pt\/site\/?page_id=11763"},"modified":"2026-03-17T12:36:33","modified_gmt":"2026-03-17T12:36:33","slug":"outros-locais-e-atividades-de-interesse-a-visitar","status":"publish","type":"page","link":"https:\/\/semanasantaobidos.pt\/site\/outros-locais-e-atividades-de-interesse-a-visitar\/","title":{"rendered":"Outros Locais e Atividades de Interesse a Visitar"},"content":{"rendered":"\t\t<div data-elementor-type=\"wp-post\" data-elementor-id=\"11763\" class=\"elementor elementor-11763\">\n\t\t\t\t\t\t<section class=\"elementor-section elementor-top-section elementor-element elementor-element-6962e2f0 elementor-section-stretched elementor-section-boxed elementor-section-height-default elementor-section-height-default\" data-id=\"6962e2f0\" data-element_type=\"section\" data-e-type=\"section\" data-settings=\"{&quot;stretch_section&quot;:&quot;section-stretched&quot;,&quot;background_background&quot;:&quot;classic&quot;}\">\n\t\t\t\t\t\t<div class=\"elementor-container elementor-column-gap-default\">\n\t\t\t\t\t<div class=\"elementor-column elementor-col-100 elementor-top-column elementor-element elementor-element-513d0c2\" data-id=\"513d0c2\" data-element_type=\"column\" data-e-type=\"column\">\n\t\t\t<div class=\"elementor-widget-wrap elementor-element-populated\">\n\t\t\t\t\t\t<div class=\"elementor-element elementor-element-1d050596 elementor-widget elementor-widget-heading\" data-id=\"1d050596\" data-element_type=\"widget\" data-e-type=\"widget\" data-widget_type=\"heading.default\">\n\t\t\t\t<div class=\"elementor-widget-container\">\n\t\t\t\t\t<h2 class=\"elementor-heading-title elementor-size-default\">Semana Santa de \u00d3bidos<\/h2>\t\t\t\t<\/div>\n\t\t\t\t<\/div>\n\t\t\t\t<div class=\"elementor-element elementor-element-15cdacec elementor-widget elementor-widget-heading\" data-id=\"15cdacec\" data-element_type=\"widget\" data-e-type=\"widget\" data-widget_type=\"heading.default\">\n\t\t\t\t<div class=\"elementor-widget-container\">\n\t\t\t\t\t<h2 class=\"elementor-heading-title elementor-size-default\">Outros Locais e Atividades de Interesse a Visitar<\/h2>\t\t\t\t<\/div>\n\t\t\t\t<\/div>\n\t\t\t\t\t<\/div>\n\t\t<\/div>\n\t\t\t\t\t<\/div>\n\t\t<\/section>\n\t\t\t\t<section class=\"elementor-section elementor-top-section elementor-element elementor-element-85f079c elementor-section-boxed elementor-section-height-default elementor-section-height-default\" data-id=\"85f079c\" data-element_type=\"section\" data-e-type=\"section\">\n\t\t\t\t\t\t<div class=\"elementor-container elementor-column-gap-default\">\n\t\t\t\t\t<div class=\"elementor-column elementor-col-100 elementor-top-column elementor-element elementor-element-b415393\" data-id=\"b415393\" data-element_type=\"column\" data-e-type=\"column\">\n\t\t\t<div class=\"elementor-widget-wrap elementor-element-populated\">\n\t\t\t\t\t\t<div class=\"elementor-element elementor-element-d108a17 elementor-widget elementor-widget-spacer\" data-id=\"d108a17\" data-element_type=\"widget\" data-e-type=\"widget\" data-widget_type=\"spacer.default\">\n\t\t\t\t<div class=\"elementor-widget-container\">\n\t\t\t\t\t\t\t<div class=\"elementor-spacer\">\n\t\t\t<div class=\"elementor-spacer-inner\"><\/div>\n\t\t<\/div>\n\t\t\t\t\t\t<\/div>\n\t\t\t\t<\/div>\n\t\t\t\t<div class=\"elementor-element elementor-element-5e4829a elementor-widget elementor-widget-text-editor\" data-id=\"5e4829a\" data-element_type=\"widget\" data-e-type=\"widget\" data-widget_type=\"text-editor.default\">\n\t\t\t\t<div class=\"elementor-widget-container\">\n\t\t\t\t\t\t\t\t\t<p style=\"text-align: justify;\" data-wp-editing=\"1\"><strong>Igreja de Santa Maria<br \/><\/strong><img decoding=\"async\" class=\"alignleft  wp-image-11765\" src=\"https:\/\/semanasantaobidos.pt\/site\/wp-content\/uploads\/2023\/03\/Igreja-de-Santa-Maria-201x300.jpg\" alt=\"\" width=\"100\" height=\"149\" srcset=\"https:\/\/semanasantaobidos.pt\/site\/wp-content\/uploads\/2023\/03\/Igreja-de-Santa-Maria-201x300.jpg 201w, https:\/\/semanasantaobidos.pt\/site\/wp-content\/uploads\/2023\/03\/Igreja-de-Santa-Maria.jpg 268w\" sizes=\"(max-width: 100px) 100vw, 100px\" \/>Igreja matriz, localizada na pra\u00e7a do mesmo nome, \u00e9 o principal templo de \u00d3bidos. Embora a tradi\u00e7\u00e3o fa\u00e7a remontar a sua funda\u00e7\u00e3o ao per\u00edodo visig\u00f3tico, transformada em mesquita no per\u00edodo mu\u00e7ulmano e novamente sagrada por D. Afonso Henriques logo ap\u00f3s a conquista da Vila em 1148, o facto de se encontrar fora da primitiva cerca muralhada parece contrariar esta hip\u00f3tese. N\u00e3o se conhecendo a data exacta da funda\u00e7\u00e3o, \u00e9 um facto que o priorado da nova igreja foi entregue a S. Teot\u00f3nio, companheiro de D. Afonso Henriques, grande figura da Igreja e prior do poderoso Mosteiro de Santa Cruz de Coimbra, que teve o padroado da Igreja de Santa Maria at\u00e9 D. Jo\u00e3o III o ter doado a sua mulher, a Rainha D. Catarina de \u00c1ustria. Foi tamb\u00e9m sede de uma colegiada (comunidade formada por prior e oito beneficiados), suprimida pela legisla\u00e7\u00e3o liberal em meados do s\u00e9culo XIX.<br \/>O templo medieval foi profundamente reformado pela Rainha D. Leonor em finais do s\u00e9culo XV, arrastando-se as obras pelo primeiro quartel do s\u00e9culo XVI. Data desta campanha a torre sineira, adossada \u00e0 fachada e coberta por coruch\u00e9u piramidal de oitavado.<br \/>Atingida certamente pelo terramoto de 1535, cerca de 1570 amea\u00e7ava ru\u00edna, pelo que \u00e9 imediatamente pensada a sua completa reconstru\u00e7\u00e3o. Assim, no dia 15 de Agosto de 1571, dia da Assun\u00e7\u00e3o de Nossa Senhora, foi lan\u00e7ada a primeira pedra da nova igreja, com prociss\u00e3o e grande aparato religioso, prosseguindo as obras sob a protec\u00e7\u00e3o da Rainha D. Catarina e do Prior D. Rodrigo Sanches, cl\u00e9rigo espanhol, esmoler-mor da Rainha e figura de grande prest\u00edgio na corte de Carlos V. Desta campanha resulta a sua configura\u00e7\u00e3o actual, com prov\u00e1vel risco do arquitecto r\u00e9gio Ant\u00f3nio Rodrigues (Pedro Flor, 2002). Cerca de um s\u00e9culo depois, sofre novas obras de beneficia\u00e7\u00e3o, por iniciativa do Prior Doutor Francisco de Azevedo Caminha, que redecora a igreja atrav\u00e9s de um programa art\u00edstico de gosto barroco &#8211; tecto, azulejos e telas das naves.<\/p><p><strong>Capela de S\u00e3o Martinho<\/strong><\/p><p><img decoding=\"async\" class=\"alignleft wp-image-11766\" src=\"https:\/\/semanasantaobidos.pt\/site\/wp-content\/uploads\/2023\/03\/Capela-de-Sao-Martinho-201x300.jpg\" alt=\"\" width=\"100\" height=\"149\" srcset=\"https:\/\/semanasantaobidos.pt\/site\/wp-content\/uploads\/2023\/03\/Capela-de-Sao-Martinho-201x300.jpg 201w, https:\/\/semanasantaobidos.pt\/site\/wp-content\/uploads\/2023\/03\/Capela-de-Sao-Martinho.jpg 268w\" sizes=\"(max-width: 100px) 100vw, 100px\" \/>Capela funer\u00e1ria familiar, situa-se defronte da Igreja de S\u00e3o Pedro. Foi institu\u00edda em 1331 pelo Padre P\u00earo Fernandes, beneficiado da S\u00e9 de Lisboa. Na frontaria, rematada por cachorrada, destaca-se o p\u00f3rtico ogival de tr\u00eas arquivoltas assentes sobre colunas de capit\u00e9is vegetalistas e encimado por uma inscri\u00e7\u00e3o g\u00f3tica. No interior, coberto por ab\u00f3bada nervada, encontram-se tr\u00eas t\u00famulos em arcoss\u00f3lios ogivais, apresentando um deles uma espada esculpida. No exterior conservam-se ainda dois t\u00famulos medievais, sendo o da direita armoriado com cinco escudos.<\/p><p><strong><br \/><br \/>Igreja da Miseric\u00f3rdia<\/strong><\/p><p><img decoding=\"async\" class=\"alignleft  wp-image-11773\" src=\"https:\/\/semanasantaobidos.pt\/site\/wp-content\/uploads\/2023\/03\/Igreja-da-Misericordia-1-150x150.jpg\" alt=\"\" width=\"101\" height=\"101\" \/>Antiga Capela do Esp\u00edrito Santo, aqui foi fundada pela Rainha D. Leonor a Santa Casa da Miseric\u00f3rdia de \u00d3bidos, segundo a tradi\u00e7\u00e3o, ainda em 1498. A igreja sofreu v\u00e1rias reformas, sobretudo a partir de finais do s\u00e9culo XVI, quando \u00e9 reedificada, sendo a mais importante, pelo menos no seu interior, a levada a cabo na segunda d\u00e9cada do s\u00e9culo XVII pelo Provedor da Miseric\u00f3rdia e Prior de S\u00e3o Pedro, Doutor Jo\u00e3o Vieira Tinoco.<br \/>No exterior destaca-se o portal de arrojada composi\u00e7\u00e3o, rematado por um nicho com uma imagem da Virgem com o Menino de cer\u00e2mica vidrada e pintada, de prov\u00e1vel produ\u00e7\u00e3o lisboeta dos anos de 1665 a 1680 (Jos\u00e9 Meco, 1998). As portas de madeira est\u00e3o datadas de 1623.<br \/>O interior, de uma s\u00f3 nave, est\u00e1 integralmente revestido de azulejos azuis e amarelos de tipo padr\u00e3o (c.1625-30). Assinale-se o importante conjunto de talha maneirista formado pelo cadeiral\/tribuna dos mes\u00e1rios e pelos ret\u00e1bulos. O ret\u00e1bulo da capela-mor, obra do entalhador Manuel das Neves sob risco de Jo\u00e3o da Costa, ostenta duas grandes pinturas de Andr\u00e9 Reinoso &#8211; a Visita\u00e7\u00e3o da Virgem a Santa Isabel e o Pentecostes, de cerca de 1628-1630. Os colaterais, tamb\u00e9m do entalhador Manuel das Neves, de 1626, dourados por Belchior de Matos que havia pintado o painel da Inven\u00e7\u00e3o da Santa Cruz para o do Evangelho, hoje no Museu Municipal, abrigam hoje as imagens do Senhor dos Passos e de Nossa Senhora das Dores, ambas de \u201croca\u201d, encimados por pinturas tamb\u00e9m de Andr\u00e9 Reinoso &#8211; Cristo a caminho do Calv\u00e1rio e o Descimento da Cruz.<br \/>Em meados do s\u00e9culo XVIII a igreja ter\u00e1 sido reformada uma vez mais, como atesta a data de 1744 na fachada, de que datar\u00e3o o escudo real que encima o portal da igreja, um outro que encima o arco triunfal, a pintura sobre o mesmo arco, os dois arm\u00e1rios laterais da capela-mor e o tecto da nave, com as armas reais no centro. Destaque ainda para o p\u00falpito de pedra lavrada,\u00a0com a data\u00a0de 1596, decorado por cartelas e volutas que ostenta na base uma curiosa urna para recolha de ofertas, e para a laje tumular armoriada setecentista da Condessa de Cavaleiros, D. Lu\u00edsa Guerra. Da sua imagin\u00e1ria salienta-se o magn\u00edfico Cristo Crucificado de prov\u00e1vel origem espanhola (s\u00e9culo XVII) e as imagens da Virgem com o Menino, Santo Ant\u00f3nio e S\u00e3o Jos\u00e9, todas na capela mor.<br \/>Exposta na igreja pode admirar-se ainda a antiga bandeira da Santa Casa da Miseric\u00f3rdia, pintada por Diogo Teixeira em 1592, que parece representar na figura do rei as fei\u00e7\u00f5es de D. Ant\u00f3nio, Prior do Crato (S\u00e9rgio Gorj\u00e3o, 2000).<br \/>Anexo a esta igreja fica o antigo Hospital da Miseric\u00f3rdia, com Sala de Sess\u00f5es de rica decora\u00e7\u00e3o barroca.<br \/><strong><br \/>Ermida de Nossa Senhora de\u00a0Monserrate (Ordem Terceira) <\/strong><\/p><p><img loading=\"lazy\" decoding=\"async\" class=\"alignleft  wp-image-11774\" src=\"https:\/\/semanasantaobidos.pt\/site\/wp-content\/uploads\/2023\/03\/Ordem-Terceira-1-150x150.jpg\" alt=\"\" width=\"99\" height=\"99\" \/>Situada no Arrabalde, \u00e9 um pequeno templo com um portal barroco, encimado pelas armas franciscanas. O interior, de uma s\u00f3 nave e capela-mor coberta por c\u00fapula, destaca-se pelo seu revestimento azulejar da primeira metade do s\u00e9culo XVII. Nas paredes laterais apresenta, na parte inferior, azulejos azuis e brancos enxaquetados e, na parte superior, uma composi\u00e7\u00e3o com azulejos azuis e amarelos. \u2028Os azulejos que envolvem o arco triunfal e os que revestem a capela-mor s\u00e3o de padr\u00e3o policromo. O ret\u00e1bulo, pintado por Belchior de Matos (c. 1600) representa S\u00e3o Jo\u00e3o em Patmos e outros santos ligados \u00e0 ordem franciscana.<\/p><p>\u00a0<\/p><p><strong>Santu\u00e1rio do Senhor Jesus da Pedra<\/strong><\/p><p><img loading=\"lazy\" decoding=\"async\" class=\"alignleft  wp-image-11775\" src=\"https:\/\/semanasantaobidos.pt\/site\/wp-content\/uploads\/2023\/03\/Sr.-Jesus-da-Pedra-1-150x150.jpg\" alt=\"\" width=\"101\" height=\"101\" \/>Fora da Vila, na estrada para as Caldas da Rainha, ergue-se o Santu\u00e1rio do Senhor da Pedra, templo inaugurado em 1747. O risco da obra \u00e9 de autoria do Arq. Capit\u00e3o Rodrigo Franco (da Mitra Patriarcal) e tem a particularidade de articular um volume cil\u00edndrico (exterior) com um pol\u00edgono hexagonal (interior), em planta centrada \u00e0 qual se anexam tr\u00eas corpos (dois correspondentes \u00e0s torres e outro que corresponde \u00e0 sacristia). No seu programa de simetrias destaca-se o jogo de janelas invertidas. O seu interior apresenta tr\u00eas capelas: a capela-mor dedicada ao Calv\u00e1rio, com uma tela de Andr\u00e9 Gon\u00e7alves, e as capelas laterais dedicadas a Nossa Senhora da Concei\u00e7\u00e3o e \u00e0 Morte de S\u00e3o Jos\u00e9, com telas de Jos\u00e9 da Costa Negreiros. A &#8220;estranha&#8221; imagem de pedra de Cristo Crucificado, em maquineta pr\u00f3pria no Altar-Mor, esteve at\u00e9 \u00e0 inaugura\u00e7\u00e3o do Santu\u00e1rio recolhida numa pequena ermida junto \u00e0 estrada para Caldas da Rainha onde era objecto de grande devo\u00e7\u00e3o, nomeadamente do Rei D. Jo\u00e3o V.<\/p><p><strong>Igreja de S\u00e3o Pedro<\/strong><\/p><p><img loading=\"lazy\" decoding=\"async\" class=\"alignleft  wp-image-11771\" src=\"https:\/\/semanasantaobidos.pt\/site\/wp-content\/uploads\/2023\/03\/Igreja-de-Sao-Pedro-1-150x150.jpg\" alt=\"\" width=\"102\" height=\"102\" \/>De funda\u00e7\u00e3o Medieval, da sua constru\u00e7\u00e3o inicial conserva apenas os vest\u00edgios do antigo portal g\u00f3tico na fachada. Foi reformada na segunda metade do s\u00e9culo XVI, como outras igrejas da Vila, de que subsistem o portal principal classicizante, a capela baptismal \u00e0 entrada do lado do Evangelho, coberta por uma\u00a0pequena c\u00fapula reticulada assente sobre trompas concheadas, e a escada helicoidal da torre sineira. Muito afectada pelo terramoto de 1755, destaca-se no seu interior, de nave \u00fanica, o magn\u00edfico ret\u00e1bulo barroco de talha dourada do per\u00edodo joanino. A antiga pintura da tribuna do ret\u00e1bulo &#8211; S. Pedro a receber de Cristo as chaves do C\u00e9u &#8211; de finais do s\u00e9culo XVII ou princ\u00edpios do XVIII (S\u00e9rgio Gorj\u00e3o, 2000), encontra-se actualmente na parede do lado da Ep\u00edstola. Nesta igreja foi sepultada a pintora Josefa de \u00d3bidos (1630-1684) e o Padre Francisco Rafael da Silveira Malh\u00e3o (1794-1860), este com l\u00e1pide evocativa na capela-mor.<\/p>\t\t\t\t\t\t\t\t<\/div>\n\t\t\t\t<\/div>\n\t\t\t\t<div class=\"elementor-element elementor-element-3464873 elementor-widget elementor-widget-spacer\" data-id=\"3464873\" data-element_type=\"widget\" data-e-type=\"widget\" data-widget_type=\"spacer.default\">\n\t\t\t\t<div class=\"elementor-widget-container\">\n\t\t\t\t\t\t\t<div class=\"elementor-spacer\">\n\t\t\t<div class=\"elementor-spacer-inner\"><\/div>\n\t\t<\/div>\n\t\t\t\t\t\t<\/div>\n\t\t\t\t<\/div>\n\t\t\t\t\t<\/div>\n\t\t<\/div>\n\t\t\t\t\t<\/div>\n\t\t<\/section>\n\t\t\t\t<section class=\"elementor-section elementor-top-section elementor-element elementor-element-02b0046 elementor-section-boxed elementor-section-height-default elementor-section-height-default\" data-id=\"02b0046\" data-element_type=\"section\" data-e-type=\"section\">\n\t\t\t\t\t\t<div class=\"elementor-container elementor-column-gap-default\">\n\t\t\t\t\t<div class=\"elementor-column elementor-col-100 elementor-top-column elementor-element elementor-element-e73d648\" data-id=\"e73d648\" data-element_type=\"column\" data-e-type=\"column\">\n\t\t\t<div class=\"elementor-widget-wrap elementor-element-populated\">\n\t\t\t\t\t\t<div class=\"elementor-element elementor-element-4ec0827 elementor-align-center elementor-widget elementor-widget-button\" data-id=\"4ec0827\" data-element_type=\"widget\" data-e-type=\"widget\" data-widget_type=\"button.default\">\n\t\t\t\t<div class=\"elementor-widget-container\">\n\t\t\t\t\t\t\t\t\t<div class=\"elementor-button-wrapper\">\n\t\t\t\t\t<a class=\"elementor-button elementor-button-link elementor-size-sm\" href=\"https:\/\/semanasantaobidos.pt\/\">\n\t\t\t\t\t\t<span class=\"elementor-button-content-wrapper\">\n\t\t\t\t\t\t\t\t\t<span class=\"elementor-button-text\">Voltar \u00e0 p\u00e1gina inicial<\/span>\n\t\t\t\t\t<\/span>\n\t\t\t\t\t<\/a>\n\t\t\t\t<\/div>\n\t\t\t\t\t\t\t\t<\/div>\n\t\t\t\t<\/div>\n\t\t\t\t\t<\/div>\n\t\t<\/div>\n\t\t\t\t\t<\/div>\n\t\t<\/section>\n\t\t\t\t<section class=\"elementor-section elementor-top-section elementor-element elementor-element-30f710e1 elementor-section-stretched elementor-section-content-middle elementor-section-boxed elementor-section-height-default elementor-section-height-default\" data-id=\"30f710e1\" data-element_type=\"section\" data-e-type=\"section\" data-settings=\"{&quot;stretch_section&quot;:&quot;section-stretched&quot;,&quot;background_background&quot;:&quot;gradient&quot;}\">\n\t\t\t\t\t\t<div class=\"elementor-container elementor-column-gap-default\">\n\t\t\t\t\t<div class=\"elementor-column elementor-col-50 elementor-top-column elementor-element elementor-element-5854d901\" data-id=\"5854d901\" data-element_type=\"column\" data-e-type=\"column\">\n\t\t\t<div class=\"elementor-widget-wrap elementor-element-populated\">\n\t\t\t\t\t\t<div class=\"elementor-element elementor-element-6024c443 elementor-widget elementor-widget-heading\" data-id=\"6024c443\" data-element_type=\"widget\" data-e-type=\"widget\" data-widget_type=\"heading.default\">\n\t\t\t\t<div class=\"elementor-widget-container\">\n\t\t\t\t\t<h2 class=\"elementor-heading-title elementor-size-default\"><a href=\"https:\/\/semanasantaobidos.pt\/site\/wp-content\/uploads\/2026\/03\/SS_Programa2026_NOVO-1.pdf\">Programa Religioso\ne Cultural 2026<\/a><\/h2>\t\t\t\t<\/div>\n\t\t\t\t<\/div>\n\t\t\t\t\t<\/div>\n\t\t<\/div>\n\t\t\t\t<div class=\"elementor-column elementor-col-50 elementor-top-column elementor-element elementor-element-35e1215c\" data-id=\"35e1215c\" data-element_type=\"column\" data-e-type=\"column\">\n\t\t\t<div class=\"elementor-widget-wrap elementor-element-populated\">\n\t\t\t\t\t\t<div class=\"elementor-element elementor-element-7c5dad49 elementor-align-center elementor-widget elementor-widget-button\" data-id=\"7c5dad49\" data-element_type=\"widget\" data-e-type=\"widget\" data-widget_type=\"button.default\">\n\t\t\t\t<div class=\"elementor-widget-container\">\n\t\t\t\t\t\t\t\t\t<div class=\"elementor-button-wrapper\">\n\t\t\t\t\t<a class=\"elementor-button elementor-button-link elementor-size-md\" href=\"https:\/\/semanasantaobidos.pt\/site\/wp-content\/uploads\/2026\/03\/SS_Programa2026_NOVO-1.pdf\">\n\t\t\t\t\t\t<span class=\"elementor-button-content-wrapper\">\n\t\t\t\t\t\t\t\t\t<span class=\"elementor-button-text\">Download<\/span>\n\t\t\t\t\t<\/span>\n\t\t\t\t\t<\/a>\n\t\t\t\t<\/div>\n\t\t\t\t\t\t\t\t<\/div>\n\t\t\t\t<\/div>\n\t\t\t\t\t<\/div>\n\t\t<\/div>\n\t\t\t\t\t<\/div>\n\t\t<\/section>\n\t\t\t\t<\/div>\n\t\t","protected":false},"excerpt":{"rendered":"<p>Semana Santa de \u00d3bidos Outros Locais e Atividades de Interesse&hellip;<\/p>\n<p> <a class=\"more-link\" href=\"https:\/\/semanasantaobidos.pt\/site\/outros-locais-e-atividades-de-interesse-a-visitar\/\">Read more<\/a><\/p>\n","protected":false},"author":1,"featured_media":0,"parent":0,"menu_order":0,"comment_status":"closed","ping_status":"closed","template":"","meta":{"footnotes":""},"class_list":["post-11763","page","type-page","status-publish"],"_links":{"self":[{"href":"https:\/\/semanasantaobidos.pt\/site\/wp-json\/wp\/v2\/pages\/11763","targetHints":{"allow":["GET"]}}],"collection":[{"href":"https:\/\/semanasantaobidos.pt\/site\/wp-json\/wp\/v2\/pages"}],"about":[{"href":"https:\/\/semanasantaobidos.pt\/site\/wp-json\/wp\/v2\/types\/page"}],"author":[{"embeddable":true,"href":"https:\/\/semanasantaobidos.pt\/site\/wp-json\/wp\/v2\/users\/1"}],"replies":[{"embeddable":true,"href":"https:\/\/semanasantaobidos.pt\/site\/wp-json\/wp\/v2\/comments?post=11763"}],"version-history":[{"count":40,"href":"https:\/\/semanasantaobidos.pt\/site\/wp-json\/wp\/v2\/pages\/11763\/revisions"}],"predecessor-version":[{"id":12745,"href":"https:\/\/semanasantaobidos.pt\/site\/wp-json\/wp\/v2\/pages\/11763\/revisions\/12745"}],"wp:attachment":[{"href":"https:\/\/semanasantaobidos.pt\/site\/wp-json\/wp\/v2\/media?parent=11763"}],"curies":[{"name":"wp","href":"https:\/\/api.w.org\/{rel}","templated":true}]}}