{"id":11751,"date":"2023-03-24T16:26:31","date_gmt":"2023-03-24T16:26:31","guid":{"rendered":"https:\/\/semanasantaobidos.pt\/?page_id=11751"},"modified":"2026-03-17T12:35:48","modified_gmt":"2026-03-17T12:35:48","slug":"historia","status":"publish","type":"page","link":"https:\/\/semanasantaobidos.pt\/site\/historia\/","title":{"rendered":"Hist\u00f3ria"},"content":{"rendered":"\t\t<div data-elementor-type=\"wp-post\" data-elementor-id=\"11751\" class=\"elementor elementor-11751\">\n\t\t\t\t\t\t<section class=\"elementor-section elementor-top-section elementor-element elementor-element-6962e2f0 elementor-section-stretched elementor-section-boxed elementor-section-height-default elementor-section-height-default\" data-id=\"6962e2f0\" data-element_type=\"section\" data-e-type=\"section\" data-settings=\"{&quot;stretch_section&quot;:&quot;section-stretched&quot;,&quot;background_background&quot;:&quot;classic&quot;}\">\n\t\t\t\t\t\t<div class=\"elementor-container elementor-column-gap-default\">\n\t\t\t\t\t<div class=\"elementor-column elementor-col-100 elementor-top-column elementor-element elementor-element-513d0c2\" data-id=\"513d0c2\" data-element_type=\"column\" data-e-type=\"column\">\n\t\t\t<div class=\"elementor-widget-wrap elementor-element-populated\">\n\t\t\t\t\t\t<div class=\"elementor-element elementor-element-1d050596 elementor-widget elementor-widget-heading\" data-id=\"1d050596\" data-element_type=\"widget\" data-e-type=\"widget\" data-widget_type=\"heading.default\">\n\t\t\t\t<div class=\"elementor-widget-container\">\n\t\t\t\t\t<h2 class=\"elementor-heading-title elementor-size-default\">Semana Santa de \u00d3bidos<\/h2>\t\t\t\t<\/div>\n\t\t\t\t<\/div>\n\t\t\t\t<div class=\"elementor-element elementor-element-15cdacec elementor-widget elementor-widget-heading\" data-id=\"15cdacec\" data-element_type=\"widget\" data-e-type=\"widget\" data-widget_type=\"heading.default\">\n\t\t\t\t<div class=\"elementor-widget-container\">\n\t\t\t\t\t<h2 class=\"elementor-heading-title elementor-size-default\">Hist\u00f3ria<\/h2>\t\t\t\t<\/div>\n\t\t\t\t<\/div>\n\t\t\t\t\t<\/div>\n\t\t<\/div>\n\t\t\t\t\t<\/div>\n\t\t<\/section>\n\t\t\t\t<section class=\"elementor-section elementor-top-section elementor-element elementor-element-85f079c elementor-section-boxed elementor-section-height-default elementor-section-height-default\" data-id=\"85f079c\" data-element_type=\"section\" data-e-type=\"section\">\n\t\t\t\t\t\t<div class=\"elementor-container elementor-column-gap-default\">\n\t\t\t\t\t<div class=\"elementor-column elementor-col-100 elementor-top-column elementor-element elementor-element-b415393\" data-id=\"b415393\" data-element_type=\"column\" data-e-type=\"column\">\n\t\t\t<div class=\"elementor-widget-wrap elementor-element-populated\">\n\t\t\t\t\t\t<div class=\"elementor-element elementor-element-d108a17 elementor-widget elementor-widget-spacer\" data-id=\"d108a17\" data-element_type=\"widget\" data-e-type=\"widget\" data-widget_type=\"spacer.default\">\n\t\t\t\t<div class=\"elementor-widget-container\">\n\t\t\t\t\t\t\t<div class=\"elementor-spacer\">\n\t\t\t<div class=\"elementor-spacer-inner\"><\/div>\n\t\t<\/div>\n\t\t\t\t\t\t<\/div>\n\t\t\t\t<\/div>\n\t\t\t\t<div class=\"elementor-element elementor-element-5e4829a elementor-widget elementor-widget-text-editor\" data-id=\"5e4829a\" data-element_type=\"widget\" data-e-type=\"widget\" data-widget_type=\"text-editor.default\">\n\t\t\t\t<div class=\"elementor-widget-container\">\n\t\t\t\t\t\t\t\t\t<p>A Semana Santa de \u00d3bidos, um dos melhores cartazes da Vila, decorre de 29 de mar\u00e7o a 5 de abril. Todos os anos, as cerim\u00f3nias religiosas e culturais atraem milhares de pessoas nesta \u00e9poca do ano \u00e0 vila de \u00d3bidos. Recorde-se que estas cerim\u00f3nias s\u00e3o das mais antigas do Pa\u00eds, tendo a prociss\u00e3o dos Passos mais de 400 anos de exist\u00eancia.<\/p><p>A Semana Santa \u00e9, por isso, o ponto alto do calend\u00e1rio lit\u00fargico e cultural de \u00d3bidos, sendo um acontecimento religioso importante para comunidade local, assim como para os v\u00e1rios milhares de peregrinos e turistas que assistem \u00e0s imponentes cerim\u00f3nias. \u00c0 semelhan\u00e7a de outros anos, ter\u00e1 diversos concertos de m\u00fasica cl\u00e1ssica, essencialmente de teor religioso, entre outras atividades culturais.<\/p>\t\t\t\t\t\t\t\t<\/div>\n\t\t\t\t<\/div>\n\t\t\t\t<div class=\"elementor-element elementor-element-3464873 elementor-widget elementor-widget-spacer\" data-id=\"3464873\" data-element_type=\"widget\" data-e-type=\"widget\" data-widget_type=\"spacer.default\">\n\t\t\t\t<div class=\"elementor-widget-container\">\n\t\t\t\t\t\t\t<div class=\"elementor-spacer\">\n\t\t\t<div class=\"elementor-spacer-inner\"><\/div>\n\t\t<\/div>\n\t\t\t\t\t\t<\/div>\n\t\t\t\t<\/div>\n\t\t\t\t\t<\/div>\n\t\t<\/div>\n\t\t\t\t\t<\/div>\n\t\t<\/section>\n\t\t\t\t<section class=\"elementor-section elementor-top-section elementor-element elementor-element-02b0046 elementor-section-boxed elementor-section-height-default elementor-section-height-default\" data-id=\"02b0046\" data-element_type=\"section\" data-e-type=\"section\">\n\t\t\t\t\t\t<div class=\"elementor-container elementor-column-gap-default\">\n\t\t\t\t\t<div class=\"elementor-column elementor-col-100 elementor-top-column elementor-element elementor-element-e73d648\" data-id=\"e73d648\" data-element_type=\"column\" data-e-type=\"column\">\n\t\t\t<div class=\"elementor-widget-wrap elementor-element-populated\">\n\t\t\t\t\t\t<div class=\"elementor-element elementor-element-4ec0827 elementor-align-center elementor-widget elementor-widget-button\" data-id=\"4ec0827\" data-element_type=\"widget\" data-e-type=\"widget\" data-widget_type=\"button.default\">\n\t\t\t\t<div class=\"elementor-widget-container\">\n\t\t\t\t\t\t\t\t\t<div class=\"elementor-button-wrapper\">\n\t\t\t\t\t<a class=\"elementor-button elementor-button-link elementor-size-sm\" href=\"https:\/\/semanasantaobidos.pt\/\">\n\t\t\t\t\t\t<span class=\"elementor-button-content-wrapper\">\n\t\t\t\t\t\t\t\t\t<span class=\"elementor-button-text\">Voltar \u00e0 p\u00e1gina inicial<\/span>\n\t\t\t\t\t<\/span>\n\t\t\t\t\t<\/a>\n\t\t\t\t<\/div>\n\t\t\t\t\t\t\t\t<\/div>\n\t\t\t\t<\/div>\n\t\t\t\t\t<\/div>\n\t\t<\/div>\n\t\t\t\t\t<\/div>\n\t\t<\/section>\n\t\t\t\t<section class=\"elementor-section elementor-top-section elementor-element elementor-element-30f710e1 elementor-section-stretched elementor-section-content-middle elementor-section-boxed elementor-section-height-default elementor-section-height-default\" data-id=\"30f710e1\" data-element_type=\"section\" data-e-type=\"section\" data-settings=\"{&quot;stretch_section&quot;:&quot;section-stretched&quot;,&quot;background_background&quot;:&quot;gradient&quot;}\">\n\t\t\t\t\t\t<div class=\"elementor-container elementor-column-gap-default\">\n\t\t\t\t\t<div class=\"elementor-column elementor-col-50 elementor-top-column elementor-element elementor-element-5854d901\" data-id=\"5854d901\" data-element_type=\"column\" data-e-type=\"column\">\n\t\t\t<div class=\"elementor-widget-wrap elementor-element-populated\">\n\t\t\t\t\t\t<div class=\"elementor-element elementor-element-6024c443 elementor-widget elementor-widget-heading\" data-id=\"6024c443\" data-element_type=\"widget\" data-e-type=\"widget\" data-widget_type=\"heading.default\">\n\t\t\t\t<div class=\"elementor-widget-container\">\n\t\t\t\t\t<h2 class=\"elementor-heading-title elementor-size-default\"><a href=\"https:\/\/semanasantaobidos.pt\/site\/wp-content\/uploads\/2026\/03\/SS_Programa2026_NOVO-1.pdf\">Programa Religioso\ne Cultural 2026<\/a><\/h2>\t\t\t\t<\/div>\n\t\t\t\t<\/div>\n\t\t\t\t\t<\/div>\n\t\t<\/div>\n\t\t\t\t<div class=\"elementor-column elementor-col-50 elementor-top-column elementor-element elementor-element-35e1215c\" data-id=\"35e1215c\" data-element_type=\"column\" data-e-type=\"column\">\n\t\t\t<div class=\"elementor-widget-wrap elementor-element-populated\">\n\t\t\t\t\t\t<div class=\"elementor-element elementor-element-7c5dad49 elementor-align-center elementor-widget elementor-widget-button\" data-id=\"7c5dad49\" data-element_type=\"widget\" data-e-type=\"widget\" data-widget_type=\"button.default\">\n\t\t\t\t<div class=\"elementor-widget-container\">\n\t\t\t\t\t\t\t\t\t<div class=\"elementor-button-wrapper\">\n\t\t\t\t\t<a class=\"elementor-button elementor-button-link elementor-size-md\" href=\"https:\/\/semanasantaobidos.pt\/site\/wp-content\/uploads\/2026\/03\/SS_Programa2026_NOVO-1.pdf\">\n\t\t\t\t\t\t<span class=\"elementor-button-content-wrapper\">\n\t\t\t\t\t\t\t\t\t<span class=\"elementor-button-text\">Download<\/span>\n\t\t\t\t\t<\/span>\n\t\t\t\t\t<\/a>\n\t\t\t\t<\/div>\n\t\t\t\t\t\t\t\t<\/div>\n\t\t\t\t<\/div>\n\t\t\t\t\t<\/div>\n\t\t<\/div>\n\t\t\t\t\t<\/div>\n\t\t<\/section>\n\t\t\t\t<\/div>\n\t\t","protected":false},"excerpt":{"rendered":"<p>Semana Santa de \u00d3bidos Hist\u00f3ria A Semana Santa de \u00d3bidos,&hellip;<\/p>\n<p> <a class=\"more-link\" href=\"https:\/\/semanasantaobidos.pt\/site\/historia\/\">Read more<\/a><\/p>\n","protected":false},"author":1,"featured_media":0,"parent":0,"menu_order":0,"comment_status":"closed","ping_status":"closed","template":"","meta":{"footnotes":""},"class_list":["post-11751","page","type-page","status-publish"],"_links":{"self":[{"href":"https:\/\/semanasantaobidos.pt\/site\/wp-json\/wp\/v2\/pages\/11751","targetHints":{"allow":["GET"]}}],"collection":[{"href":"https:\/\/semanasantaobidos.pt\/site\/wp-json\/wp\/v2\/pages"}],"about":[{"href":"https:\/\/semanasantaobidos.pt\/site\/wp-json\/wp\/v2\/types\/page"}],"author":[{"embeddable":true,"href":"https:\/\/semanasantaobidos.pt\/site\/wp-json\/wp\/v2\/users\/1"}],"replies":[{"embeddable":true,"href":"https:\/\/semanasantaobidos.pt\/site\/wp-json\/wp\/v2\/comments?post=11751"}],"version-history":[{"count":46,"href":"https:\/\/semanasantaobidos.pt\/site\/wp-json\/wp\/v2\/pages\/11751\/revisions"}],"predecessor-version":[{"id":12739,"href":"https:\/\/semanasantaobidos.pt\/site\/wp-json\/wp\/v2\/pages\/11751\/revisions\/12739"}],"wp:attachment":[{"href":"https:\/\/semanasantaobidos.pt\/site\/wp-json\/wp\/v2\/media?parent=11751"}],"curies":[{"name":"wp","href":"https:\/\/api.w.org\/{rel}","templated":true}]}}