{"id":11728,"date":"2023-03-22T16:37:24","date_gmt":"2023-03-22T16:37:24","guid":{"rendered":"https:\/\/semanasantaobidos.pt\/site\/?page_id=11728"},"modified":"2023-03-29T15:52:59","modified_gmt":"2023-03-29T15:52:59","slug":"duo-concertante","status":"publish","type":"page","link":"https:\/\/semanasantaobidos.pt\/site\/duo-concertante\/","title":{"rendered":"Duo Concertante"},"content":{"rendered":"\t\t<div data-elementor-type=\"wp-post\" data-elementor-id=\"11728\" class=\"elementor elementor-11728\">\n\t\t\t\t\t\t<section class=\"elementor-section elementor-top-section elementor-element elementor-element-6962e2f0 elementor-section-stretched elementor-section-boxed elementor-section-height-default elementor-section-height-default\" data-id=\"6962e2f0\" data-element_type=\"section\" data-e-type=\"section\" data-settings=\"{&quot;stretch_section&quot;:&quot;section-stretched&quot;,&quot;background_background&quot;:&quot;classic&quot;}\">\n\t\t\t\t\t\t<div class=\"elementor-container elementor-column-gap-default\">\n\t\t\t\t\t<div class=\"elementor-column elementor-col-100 elementor-top-column elementor-element elementor-element-513d0c2\" data-id=\"513d0c2\" data-element_type=\"column\" data-e-type=\"column\">\n\t\t\t<div class=\"elementor-widget-wrap elementor-element-populated\">\n\t\t\t\t\t\t<div class=\"elementor-element elementor-element-1d050596 elementor-widget elementor-widget-heading\" data-id=\"1d050596\" data-element_type=\"widget\" data-e-type=\"widget\" data-widget_type=\"heading.default\">\n\t\t\t\t<div class=\"elementor-widget-container\">\n\t\t\t\t\t<h2 class=\"elementor-heading-title elementor-size-default\">Academia de M\u00fasica de \u00d3bidos<\/h2>\t\t\t\t<\/div>\n\t\t\t\t<\/div>\n\t\t\t\t<div class=\"elementor-element elementor-element-15cdacec elementor-widget elementor-widget-heading\" data-id=\"15cdacec\" data-element_type=\"widget\" data-e-type=\"widget\" data-widget_type=\"heading.default\">\n\t\t\t\t<div class=\"elementor-widget-container\">\n\t\t\t\t\t<h2 class=\"elementor-heading-title elementor-size-default\">Duo Concertante<\/h2>\t\t\t\t<\/div>\n\t\t\t\t<\/div>\n\t\t\t\t\t<\/div>\n\t\t<\/div>\n\t\t\t\t\t<\/div>\n\t\t<\/section>\n\t\t\t\t<section class=\"elementor-section elementor-top-section elementor-element elementor-element-85f079c elementor-section-boxed elementor-section-height-default elementor-section-height-default\" data-id=\"85f079c\" data-element_type=\"section\" data-e-type=\"section\">\n\t\t\t\t\t\t<div class=\"elementor-container elementor-column-gap-default\">\n\t\t\t\t\t<div class=\"elementor-column elementor-col-100 elementor-top-column elementor-element elementor-element-b415393\" data-id=\"b415393\" data-element_type=\"column\" data-e-type=\"column\">\n\t\t\t<div class=\"elementor-widget-wrap elementor-element-populated\">\n\t\t\t\t\t\t<div class=\"elementor-element elementor-element-d108a17 elementor-widget elementor-widget-spacer\" data-id=\"d108a17\" data-element_type=\"widget\" data-e-type=\"widget\" data-widget_type=\"spacer.default\">\n\t\t\t\t<div class=\"elementor-widget-container\">\n\t\t\t\t\t\t\t<div class=\"elementor-spacer\">\n\t\t\t<div class=\"elementor-spacer-inner\"><\/div>\n\t\t<\/div>\n\t\t\t\t\t\t<\/div>\n\t\t\t\t<\/div>\n\t\t\t\t<div class=\"elementor-element elementor-element-5e4829a elementor-widget elementor-widget-text-editor\" data-id=\"5e4829a\" data-element_type=\"widget\" data-e-type=\"widget\" data-widget_type=\"text-editor.default\">\n\t\t\t\t<div class=\"elementor-widget-container\">\n\t\t\t\t\t\t\t\t\t<p><strong><img fetchpriority=\"high\" decoding=\"async\" class=\"alignright wp-image-11741\" src=\"https:\/\/semanasantaobidos.pt\/site\/wp-content\/uploads\/2023\/03\/academia-1.jpg\" alt=\"\" width=\"300\" height=\"234\" srcset=\"https:\/\/semanasantaobidos.pt\/site\/wp-content\/uploads\/2023\/03\/academia-1.jpg 1014w, https:\/\/semanasantaobidos.pt\/site\/wp-content\/uploads\/2023\/03\/academia-1-300x234.jpg 300w, https:\/\/semanasantaobidos.pt\/site\/wp-content\/uploads\/2023\/03\/academia-1-768x599.jpg 768w\" sizes=\"(max-width: 300px) 100vw, 300px\" \/>6 de Abril<\/strong><br \/><strong>Hor\u00e1rio: 16h00<\/strong><br \/><strong>Local: Igreja de Santa Maria<\/strong><\/p><p>Edgar Cantante e M\u00e1rio Batalha \u2013 Clarinetes<\/p><p><em><strong>Pe\u00e7as a interpretar:<\/strong><\/em><br \/>&#8211; Pequeno trecho para dois clarintes (No1) &#8211; Marcos Rom\u00e3o dos Reis J\u00fanior<br \/>&#8211; The Flower Duet from Lakm\u00e9 \u2013 L\u00e9o Delibes<br \/>&#8211; Six Duos \u2013 Fran\u00e7ois Devienne<br \/>&#8211; Spring Song \u2013 F. Mendelssohn<br \/>&#8211; Deutscher Tans \u2013 W. A. Mozart<br \/>&#8211; Non Pi\u00fa Andrai \u2013 W.A. Mozart<br \/>&#8211; De se thelo pia \u2013 Trad. Greek, arr. Hidan Mamudov<br \/>&#8211; Habanera \u2013 Desconhecido<br \/>&#8211; Dueto # 2 \u2013 Xavier Qui\u00f1ones S.<br \/>&#8211; Dueto # 3 \u2013 Xavier Qui\u00f1ones S.<br \/>&#8211; Estudo 1 \u2013 Metodo per Clarinetto \u2013Jean Xavier Lef\u00e9vre (Alamiro Giampieri)<br \/>&#8211; Five Pieces For Clarinet \u2013 Gordon Jacob<br \/>&#8211; Melodia \u201cOsvaldo lacerda\u201d<\/p>\t\t\t\t\t\t\t\t<\/div>\n\t\t\t\t<\/div>\n\t\t\t\t<div class=\"elementor-element elementor-element-3464873 elementor-widget elementor-widget-spacer\" data-id=\"3464873\" data-element_type=\"widget\" data-e-type=\"widget\" data-widget_type=\"spacer.default\">\n\t\t\t\t<div class=\"elementor-widget-container\">\n\t\t\t\t\t\t\t<div class=\"elementor-spacer\">\n\t\t\t<div class=\"elementor-spacer-inner\"><\/div>\n\t\t<\/div>\n\t\t\t\t\t\t<\/div>\n\t\t\t\t<\/div>\n\t\t\t\t\t<\/div>\n\t\t<\/div>\n\t\t\t\t\t<\/div>\n\t\t<\/section>\n\t\t\t\t<section class=\"elementor-section elementor-top-section elementor-element elementor-element-02b0046 elementor-section-boxed elementor-section-height-default elementor-section-height-default\" data-id=\"02b0046\" data-element_type=\"section\" data-e-type=\"section\">\n\t\t\t\t\t\t<div class=\"elementor-container elementor-column-gap-default\">\n\t\t\t\t\t<div class=\"elementor-column elementor-col-100 elementor-top-column elementor-element elementor-element-e73d648\" data-id=\"e73d648\" data-element_type=\"column\" data-e-type=\"column\">\n\t\t\t<div class=\"elementor-widget-wrap elementor-element-populated\">\n\t\t\t\t\t\t<div class=\"elementor-element elementor-element-4ec0827 elementor-align-center elementor-widget elementor-widget-button\" data-id=\"4ec0827\" data-element_type=\"widget\" data-e-type=\"widget\" data-widget_type=\"button.default\">\n\t\t\t\t<div class=\"elementor-widget-container\">\n\t\t\t\t\t\t\t\t\t<div class=\"elementor-button-wrapper\">\n\t\t\t\t\t<a class=\"elementor-button elementor-button-link elementor-size-sm\" href=\"https:\/\/semanasantaobidos.pt\/\">\n\t\t\t\t\t\t<span class=\"elementor-button-content-wrapper\">\n\t\t\t\t\t\t\t\t\t<span class=\"elementor-button-text\">Voltar \u00e0 p\u00e1gina inicial<\/span>\n\t\t\t\t\t<\/span>\n\t\t\t\t\t<\/a>\n\t\t\t\t<\/div>\n\t\t\t\t\t\t\t\t<\/div>\n\t\t\t\t<\/div>\n\t\t\t\t\t<\/div>\n\t\t<\/div>\n\t\t\t\t\t<\/div>\n\t\t<\/section>\n\t\t\t\t<section class=\"elementor-section elementor-top-section elementor-element elementor-element-30f710e1 elementor-section-stretched elementor-section-content-middle elementor-section-boxed elementor-section-height-default elementor-section-height-default\" data-id=\"30f710e1\" data-element_type=\"section\" data-e-type=\"section\" data-settings=\"{&quot;stretch_section&quot;:&quot;section-stretched&quot;,&quot;background_background&quot;:&quot;gradient&quot;}\">\n\t\t\t\t\t\t<div class=\"elementor-container elementor-column-gap-default\">\n\t\t\t\t\t<div class=\"elementor-column elementor-col-50 elementor-top-column elementor-element elementor-element-5854d901\" data-id=\"5854d901\" data-element_type=\"column\" data-e-type=\"column\">\n\t\t\t<div class=\"elementor-widget-wrap elementor-element-populated\">\n\t\t\t\t\t\t<div class=\"elementor-element elementor-element-6024c443 elementor-widget elementor-widget-heading\" data-id=\"6024c443\" data-element_type=\"widget\" data-e-type=\"widget\" data-widget_type=\"heading.default\">\n\t\t\t\t<div class=\"elementor-widget-container\">\n\t\t\t\t\t<h2 class=\"elementor-heading-title elementor-size-default\">Programa Religioso\ne Cultural 2023<\/h2>\t\t\t\t<\/div>\n\t\t\t\t<\/div>\n\t\t\t\t\t<\/div>\n\t\t<\/div>\n\t\t\t\t<div class=\"elementor-column elementor-col-50 elementor-top-column elementor-element elementor-element-35e1215c\" data-id=\"35e1215c\" data-element_type=\"column\" data-e-type=\"column\">\n\t\t\t<div class=\"elementor-widget-wrap elementor-element-populated\">\n\t\t\t\t\t\t<div class=\"elementor-element elementor-element-7c5dad49 elementor-align-center elementor-widget elementor-widget-button\" data-id=\"7c5dad49\" data-element_type=\"widget\" data-e-type=\"widget\" data-widget_type=\"button.default\">\n\t\t\t\t<div class=\"elementor-widget-container\">\n\t\t\t\t\t\t\t\t\t<div class=\"elementor-button-wrapper\">\n\t\t\t\t\t<a class=\"elementor-button elementor-button-link elementor-size-md\" href=\"https:\/\/semanasantaobidos.pt\/site\/wp-content\/uploads\/2023\/03\/SS_Programa2023-1.pdf\" target=\"_blank\">\n\t\t\t\t\t\t<span class=\"elementor-button-content-wrapper\">\n\t\t\t\t\t\t\t\t\t<span class=\"elementor-button-text\">Download<\/span>\n\t\t\t\t\t<\/span>\n\t\t\t\t\t<\/a>\n\t\t\t\t<\/div>\n\t\t\t\t\t\t\t\t<\/div>\n\t\t\t\t<\/div>\n\t\t\t\t\t<\/div>\n\t\t<\/div>\n\t\t\t\t\t<\/div>\n\t\t<\/section>\n\t\t\t\t<\/div>\n\t\t","protected":false},"excerpt":{"rendered":"<p>Academia de M\u00fasica de \u00d3bidos Duo Concertante 6 de AbrilHor\u00e1rio:&hellip;<\/p>\n<p> <a class=\"more-link\" href=\"https:\/\/semanasantaobidos.pt\/site\/duo-concertante\/\">Read more<\/a><\/p>\n","protected":false},"author":1,"featured_media":0,"parent":0,"menu_order":0,"comment_status":"closed","ping_status":"closed","template":"","meta":{"footnotes":""},"class_list":["post-11728","page","type-page","status-publish"],"_links":{"self":[{"href":"https:\/\/semanasantaobidos.pt\/site\/wp-json\/wp\/v2\/pages\/11728","targetHints":{"allow":["GET"]}}],"collection":[{"href":"https:\/\/semanasantaobidos.pt\/site\/wp-json\/wp\/v2\/pages"}],"about":[{"href":"https:\/\/semanasantaobidos.pt\/site\/wp-json\/wp\/v2\/types\/page"}],"author":[{"embeddable":true,"href":"https:\/\/semanasantaobidos.pt\/site\/wp-json\/wp\/v2\/users\/1"}],"replies":[{"embeddable":true,"href":"https:\/\/semanasantaobidos.pt\/site\/wp-json\/wp\/v2\/comments?post=11728"}],"version-history":[{"count":13,"href":"https:\/\/semanasantaobidos.pt\/site\/wp-json\/wp\/v2\/pages\/11728\/revisions"}],"predecessor-version":[{"id":11978,"href":"https:\/\/semanasantaobidos.pt\/site\/wp-json\/wp\/v2\/pages\/11728\/revisions\/11978"}],"wp:attachment":[{"href":"https:\/\/semanasantaobidos.pt\/site\/wp-json\/wp\/v2\/media?parent=11728"}],"curies":[{"name":"wp","href":"https:\/\/api.w.org\/{rel}","templated":true}]}}